{"id":38,"date":"2016-04-28T12:39:01","date_gmt":"2016-04-28T10:39:01","guid":{"rendered":"http:\/\/cjella.corvus.uberspace.de\/wordpress\/?page_id=38"},"modified":"2018-06-01T18:18:54","modified_gmt":"2018-06-01T16:18:54","slug":"pferdeausbildung","status":"publish","type":"page","link":"https:\/\/www.andersreiten.de\/wordpress\/pferdeausbildung\/","title":{"rendered":"Pferdeausbildung"},"content":{"rendered":"<p align=\"justify\"><span style=\"font-size: medium;\">Als <b>Dipl. Sozialarbeiterin (FH),<\/b><\/span><\/p>\n<p align=\"justify\"><span style=\"font-size: medium;\"><b>Reitwart<\/b> <b>FN<\/b> (Deutsche reiterliche Vereinigung), <\/span><\/p>\n<p align=\"justify\"><span style=\"font-size: medium;\"><b>\u00dcbungsleiterin B VFD<\/b> (Verein Freizeitreiter Deutschlands), <\/span><\/p>\n<p align=\"justify\"><span style=\"font-size: medium;\"><b>Reitp\u00e4dagogin SG-TR<\/b> (Schweizer Gruppe therapeutisches Reiten) mit <\/span><\/p>\n<p align=\"justify\"><span style=\"font-size: medium;\"><b>Gel\u00e4nde- und Wanderfahrabzeichen VFD <\/b>sowie durch meine <\/span><\/p>\n<p align=\"justify\"><span style=\"font-size: medium;\"><b>langj\u00e4hrige Erfahrung in der Ausbildung von jungen und \u00e4lteren Pferden<\/b><\/span><\/p>\n<p align=\"justify\"><span style=\"font-size: medium;\">biete ich Ihnen<\/span><\/p>\n<p align=\"justify\"><span style=\"font-size: medium;\">&#8211; Qualitativ hochwertige Pferdeausbildung durch regelm\u00e4\u00dfige Fortbildungen <\/span><\/p>\n<p align=\"justify\"><span style=\"font-size: medium;\">&#8211; Sehr pers\u00f6nliche und individuelle Betreuung<\/span><\/p>\n<p align=\"justify\"><span style=\"font-size: medium;\">Die Pferdeausbildung ist daran orientiert, dem Pferd zun\u00e4chst die Sprache der Hilfen verst\u00e4ndlich zu machen. Danach wird durch Anwendung der passenden Hilfen das Pferd so trainiert, dass es dazu in der Lage ist, seinen Reiter zufrieden und anatomisch gesund im bestm\u00f6glichen Gleichgewicht zu tragen. Dieser Prozess wird vom Boden aus begonnen und sp\u00e4ter unter dem Sattel fortgesetzt. Sie als Pferdebesitzer unterst\u00fctze ich dabei bei Bedarf mit Unterricht, so dass Sie sich mit Ihrem Pferd immer besser verstehen und zu einer Einheit zusammenwachsen k\u00f6nnen. Es geht darum, den eigenen K\u00f6rper so beherrschen zu lernen, dass eine immer feinere Kommunikation mit dem Pferd m\u00f6glich ist und die eigene Pers\u00f6nlichkeit so zu entwickeln, dass\u00a0 mit Pferdesachverstand und Gef\u00fchl f\u00fcr auftretende Probleme mit dem Partner Pferd\u00a0 L\u00f6sungen gefunden werden k\u00f6nnen.<\/span><\/p>\n<p align=\"justify\"><span style=\"font-size: medium;\">Jedes Pferd hat seine eigene Pers\u00f6nlichkeit, eigene St\u00e4rken und Schw\u00e4chen. Es gilt, sie zu erkennen und das Beste f\u00fcr das Pferd und den dazugeh\u00f6rigen Menschen daraus zu machen. Pferd und Mensch werden in ihrer Individualit\u00e4t angenommen und ernstgenommen. Ich nehme R\u00fccksicht auf die Tagesstimmung von Pferd und Mensch und richte mein Tun danach aus, sodass alle gef\u00f6rdert, aber m\u00f6glichst niemand \u00fcberfordert wird. <\/span><\/p>\n<p align=\"justify\"><span style=\"font-size: medium;\">Ich lege viel Wert auf Sicherheit beim Reiten und im Umgang mit den Pferden und respektiere, wenn es aus Sicherheitsgr\u00fcnden eine \u00c4nderung der Planung gibt. <\/span><\/p>\n","protected":false},"excerpt":{"rendered":"<p>Als Dipl. Sozialarbeiterin (FH), Reitwart FN (Deutsche reiterliche Vereinigung), \u00dcbungsleiterin B VFD (Verein Freizeitreiter Deutschlands), Reitp\u00e4dagogin SG-TR (Schweizer Gruppe therapeutisches Reiten) mit Gel\u00e4nde- und Wanderfahrabzeichen VFD sowie durch meine langj\u00e4hrige Erfahrung in der Ausbildung von jungen und \u00e4lteren Pferden biete ich Ihnen &#8211; Qualitativ hochwertige Pferdeausbildung durch regelm\u00e4\u00dfige Fortbildungen &#8211; Sehr pers\u00f6nliche und individuelle Betreuung [&hellip;]<\/p>\n","protected":false},"author":2,"featured_media":111,"parent":0,"menu_order":0,"comment_status":"closed","ping_status":"closed","template":"","meta":{"_et_pb_use_builder":"","_et_pb_old_content":"","_et_gb_content_width":"","spay_email":""},"jetpack_sharing_enabled":true,"jetpack_shortlink":"https:\/\/wp.me\/PbTHYs-C","jetpack-related-posts":[{"id":12,"url":"https:\/\/www.andersreiten.de\/wordpress\/serviceangebot\/","url_meta":{"origin":38,"position":0},"title":"Nicole Anders","date":"25. April 2016","format":false,"excerpt":" Qualifikation: VFD-\u00dcbungsleiter B (Reiten) VFD-Rittf\u00fchrer G, VFD Wanderfahrabzeichen Reitp\u00e4dagogin SG-TR, Reitwart FN,\u2026","rel":"","context":"\u00c4hnlicher Beitrag","img":{"alt_text":"","src":"","width":0,"height":0},"classes":[]},{"id":320,"url":"https:\/\/www.andersreiten.de\/wordpress\/zu-meiner-person\/","url_meta":{"origin":38,"position":1},"title":"Zu meiner Person","date":"19. Mai 2016","format":false,"excerpt":"Zu meiner Person: Geboren 1972 und Pferdebegeistert seit meiner Kindheit, durfte ich ab 10 Jahren 1x w\u00f6chentlich im Reitverein und in Schulferien reiten. Mit 12 Jahren machte ich den Reiterpass FN, mit 14 Jahren das Jugendreitabzeichen der Klasse 4 FN und k\u00fcmmerte mich ab da neben der w\u00f6chentlichen Reitstunde im\u2026","rel":"","context":"\u00c4hnlicher Beitrag","img":{"alt_text":"","src":"","width":0,"height":0},"classes":[]},{"id":36,"url":"https:\/\/www.andersreiten.de\/wordpress\/reitunterricht\/","url_meta":{"origin":38,"position":2},"title":"Reitunterricht","date":"28. April 2016","format":false,"excerpt":"Als Dipl. Sozielarbeiterin (FH) Reitwart FN (Deutsche reiterliche Vereinigung), \u00dcbungsleiterin B VFD (Verein Freizeitreiter Deutschlands), Reitp\u00e4dagogin SG-TR (Schweizer Gruppe therapeutisches Reiten) mit Gel\u00e4nde- und Wanderfahrabzeichen VFD biete ich Ihnen - Qualitativ hochwertigen Reitunterricht durch regelm\u00e4\u00dfige Fortbildungen - Gut ausgebildete Pferde, die fortlaufend von mir korrekturgeritten und weiter ausgebildet werden. -\u2026","rel":"","context":"\u00c4hnlicher Beitrag","img":{"alt_text":"","src":"https:\/\/i0.wp.com\/freudemitpferden.de\/wordpress\/wp-content\/uploads\/2016\/05\/DSCF0393.jpg?resize=350%2C200&ssl=1","width":350,"height":200},"classes":[]},{"id":61,"url":"https:\/\/www.andersreiten.de\/wordpress\/agb\/","url_meta":{"origin":38,"position":3},"title":"AGB","date":"5. Mai 2016","format":false,"excerpt":"Geleistet wird je nach vertraglicher Vereinbarung heilp\u00e4dagogisches Reiten, Reitunterricht oder Pferdeausbildung. Alle drei Bereiche beziehen sich nicht nur auf die Arbeit auf dem Pferd, dem Reiten, sondern auch den Umgang und verschiedenste Arbeit mit dem Pferd vom Boden aus. Unterschiedliche Aktivit\u00e4ten rund ums Pferd sind weitere Bestandteile vom heilp\u00e4dagogischen Reiten\u2026","rel":"","context":"\u00c4hnlicher Beitrag","img":{"alt_text":"","src":"","width":0,"height":0},"classes":[]},{"id":42,"url":"https:\/\/www.andersreiten.de\/wordpress\/preise\/","url_meta":{"origin":38,"position":4},"title":"Preise","date":"30. April 2016","format":false,"excerpt":"Qualit\u00e4t hat ihren Preis. Niemand m\u00f6chte sich oder sein Kind einem kranken, \u00fcberforderten Pferd aus schlechter Haltung mit mangelnder Ausbildung anvertrauen, ebensowenig einem unfreundlichen Lehrer ohne Sachkenntnis. Meine Pferde leben artgerecht in Offenstallhaltung mit Familienanschluss. Sie erhalten aufw\u00e4ndige Pflege, Ausbildung und medizinische Versorgung, damit es ihnen gut geht und wir\u2026","rel":"","context":"\u00c4hnlicher Beitrag","img":{"alt_text":"","src":"","width":0,"height":0},"classes":[]},{"id":32,"url":"https:\/\/www.andersreiten.de\/wordpress\/heilpaedagogisches-reiten\/","url_meta":{"origin":38,"position":5},"title":"Heilp\u00e4dagogisches Reiten","date":"28. April 2016","format":false,"excerpt":"Als Dipl. Sozialarbeiterin FH, langj\u00e4hrige Reitp\u00e4dagogin SG-TR (Schweizer Gruppe therapeutisches Reiten) und Verbandsmitglied bei der SG-TR mit Anerkennung vom DKThR (Deutschen Kuratorium f\u00fcr therapeutisches Reiten) biete ich Ihnen - Qualitativ hochwertige Reitp\u00e4dagogik durch regelm\u00e4\u00dfige Fortbildungen - Gut ausgebildete Pferde, die fortlaufend von mir korrekturgeritten und weiter ausgebildet werden. - Ausgeglichene\u2026","rel":"","context":"\u00c4hnlicher Beitrag","img":{"alt_text":"","src":"https:\/\/i1.wp.com\/freudemitpferden.de\/wordpress\/wp-content\/uploads\/2016\/04\/DSCF1313.jpg?resize=350%2C200&ssl=1","width":350,"height":200},"classes":[]}],"_links":{"self":[{"href":"https:\/\/www.andersreiten.de\/wordpress\/wp-json\/wp\/v2\/pages\/38"}],"collection":[{"href":"https:\/\/www.andersreiten.de\/wordpress\/wp-json\/wp\/v2\/pages"}],"about":[{"href":"https:\/\/www.andersreiten.de\/wordpress\/wp-json\/wp\/v2\/types\/page"}],"author":[{"embeddable":true,"href":"https:\/\/www.andersreiten.de\/wordpress\/wp-json\/wp\/v2\/users\/2"}],"replies":[{"embeddable":true,"href":"https:\/\/www.andersreiten.de\/wordpress\/wp-json\/wp\/v2\/comments?post=38"}],"version-history":[{"count":3,"href":"https:\/\/www.andersreiten.de\/wordpress\/wp-json\/wp\/v2\/pages\/38\/revisions"}],"predecessor-version":[{"id":25387,"href":"https:\/\/www.andersreiten.de\/wordpress\/wp-json\/wp\/v2\/pages\/38\/revisions\/25387"}],"wp:featuredmedia":[{"embeddable":true,"href":"https:\/\/www.andersreiten.de\/wordpress\/wp-json\/wp\/v2\/media\/111"}],"wp:attachment":[{"href":"https:\/\/www.andersreiten.de\/wordpress\/wp-json\/wp\/v2\/media?parent=38"}],"curies":[{"name":"wp","href":"https:\/\/api.w.org\/{rel}","templated":true}]}}