{"id":36,"date":"2016-04-28T12:36:44","date_gmt":"2016-04-28T10:36:44","guid":{"rendered":"http:\/\/cjella.corvus.uberspace.de\/wordpress\/?page_id=36"},"modified":"2018-06-01T18:16:06","modified_gmt":"2018-06-01T16:16:06","slug":"reitunterricht","status":"publish","type":"page","link":"https:\/\/www.andersreiten.de\/wordpress\/reitunterricht\/","title":{"rendered":"Reitunterricht"},"content":{"rendered":"<p align=\"justify\"><span style=\"font-size: medium;\">Als <b>Dipl. Sozielarbeiterin (FH)<\/b><\/span><\/p>\n<p align=\"justify\"><span style=\"font-size: medium;\"><b>Reitwart<\/b> <b>FN<\/b> (Deutsche reiterliche Vereinigung), <\/span><\/p>\n<p align=\"justify\"><span style=\"font-size: medium;\"><b>\u00dcbungsleiterin B VFD<\/b> (Verein Freizeitreiter Deutschlands), <\/span><\/p>\n<p align=\"justify\"><span style=\"font-size: medium;\"><b>Reitp\u00e4dagogin SG-TR<\/b> (Schweizer Gruppe therapeutisches Reiten) mit <\/span><\/p>\n<p align=\"justify\"><span style=\"font-size: medium;\"><b>Gel\u00e4nde- und Wanderfahrabzeichen VFD<\/b><\/span><\/p>\n<p align=\"justify\"><span style=\"font-size: medium;\">biete ich Ihnen<\/span><\/p>\n<p align=\"justify\"><span style=\"font-size: medium;\">&#8211; Qualitativ hochwertigen Reitunterricht durch regelm\u00e4\u00dfige Fortbildungen<\/span><\/p>\n<p align=\"justify\"><span style=\"font-size: medium;\">&#8211; Gut ausgebildete Pferde, die fortlaufend von mir korrekturgeritten und weiter ausgebildet werden.<\/span><\/p>\n<p align=\"justify\"><span style=\"font-size: medium;\">&#8211; Ausgeglichene und zufriedene Pferde, die artgerecht in einer Offenstallhaltung leben, Partner und Familienmitglieder sind.<\/span><\/p>\n<p align=\"justify\"><span style=\"font-size: medium;\">&#8211; Sehr pers\u00f6nliche, individuelle Betreuung durch Kleingruppen bzw. Einzelunterricht.<\/span><\/p>\n<p align=\"justify\"><span style=\"font-size: medium;\">&#8211; VFD-Kurse mit Pr\u00fcfungen bis zum \u201eGel\u00e4ndereiter VFD\u201c<\/span><\/p>\n<p align=\"justify\"><span style=\"font-size: medium;\">Die Einheiten finden sowohl im Stallbereich, auf dem\u00a0 \u00fcberdachten Reitplatz oder im freien Gel\u00e4nde statt. Gemeinsam mit den Pferden erleben wir die Jahreszeiten mit ihren Reizen und Besonderheiten drau\u00dfen in der Natur. Daher ist zweckm\u00e4\u00dfige, der Witterung angepasste Kleidung unerl\u00e4sslich.<\/span><\/p>\n<p align=\"justify\"><span style=\"font-size: medium;\">Schwerpunkte an und auf dem Partner Pferd sind je nach individuellen Bed\u00fcrfnissen die Pferdepflege, das F\u00fchren, das Reiten, das Longieren und die Bodenarbeit. <\/span><\/p>\n<p align=\"justify\"><span style=\"font-size: medium;\">Bei allen T\u00e4tigkeiten mit dem Pferd geht es darum, den eigenen K\u00f6rper so beherrschen zu lernen, dass eine immer feinere Kommunikation mit dem Pferd m\u00f6glich ist und die eigene Pers\u00f6nlichkeit so zu entwickeln, dass mit Pferdesachverstand und Gef\u00fchl f\u00fcr auftretende Probleme mit dem Partner Pferd L\u00f6sungen gefunden werden.<\/span><\/p>\n<p align=\"justify\"><span style=\"font-size: medium;\">Zur Verf\u00fcgung stehen Pferde, die sich sowohl im Charakter als auch optisch gut unterscheiden. Jedes Pferd hat seine eigene Pers\u00f6nlichkeit, eigene St\u00e4rken und Schw\u00e4chen. Alle, ob Pferde oder Menschen werden in ihrer Individualit\u00e4t angenommen und ernstgenommen. Wir nehmen R\u00fccksicht auf die Tagesstimmung von Pferd und Mensch und richten unser Tun danach aus, sodass alle gef\u00f6rdert, aber m\u00f6glichst niemand \u00fcberfordert wird. <\/span><\/p>\n<p align=\"justify\"><span style=\"font-size: medium;\">Wir legen viel Wert auf Sicherheit beim Reiten und im Umgang mit den Pferden und respektieren, wenn es aus Sicherheitsgr\u00fcnden eine \u00c4nderung der geplanten Aktivit\u00e4ten gibt. Dennoch kann es durch die nat\u00fcrliche Tiergefahr, die von den Pferden ausgeht, zu Unf\u00e4llen kommen. Das Tragen von festen Schuhen, Helm und R\u00fcckenschutz (f\u00fcr Kinder pflicht, f\u00fcr Erwachsenen empfohlen) beim Reiten und von Handschuhen beim F\u00fchren ist daher Pflicht f\u00fcr jeden. Eine private Unfallversicherung wird empfohlen.<\/span><\/p>\n<p align=\"justify\">\n<p><strong>Spielgruppe:<\/strong><\/p>\n<p>F\u00fcr 4 Kinder ab ca 5 Jahren bis Grundschulalter<\/p>\n<p align=\"justify\"><span style=\"font-size: medium;\">Wir nehmen uns Zeit, mit Freude und Ruhe die Pferde und was man mit ihnen machen kann spielerisch mit Freude und in Ruhe kennenzulernen. Bei allerlei Aktivit\u00e4ten rund ums und auf dem Pferd lernen die Kinder mit der Zeit\u00a0 einen achtsamen und sicheren Umgang mit den Pferden, einen entspannten Sitz auf dem Pferd und haben nach und nach die ersten Erfolge im selbst\u00e4ndigen Reiten. Auch die Stallarbeit und alles, was sonst noch so f\u00fcr die Pferde zu tun ist, wird einbezogen. Im St\u00fcbchen wird auch schon mal gebastelt und spielerisch Pferdewissen vermittelt, je nachdem, was gerade ansteht. Die F\u00f6rderung von Selbstbewusstsein, Sozialverhalten, Koordination und Motorik geschieht dabei von den Kindern unbemerkt aber wirkungsvoll. Auch beeintr\u00e4chtigte Kinder sind herzlich willkommen. Das Ziel ist es, gemeinsam mit den Pferden zu wachsen und Pferdeerfahrung zu sammeln.<\/span><\/p>\n<p>&nbsp;<\/p>\n<p><strong>In Einzelstunden, Zweierstunden oder Kleingruppen von maximal 4 Personen:<\/strong><\/p>\n<p>F\u00fcr alle, die individuell und intensiv reiten und den Umgang mit Pferden lernen wollen.<\/p>\n<p align=\"justify\"><span style=\"font-size: medium;\">Es wird geritten, gef\u00fchrt, longiert, gepflegt, auch mal Stallarbeit erledigt, theoretisches Pferdewissen vermittelt, eben mit Freude und Ruhe vieles gemacht, was man mit Pferden so machen kann und die Fertigkeiten darin erlernt und ge\u00fcbt. Noch nie ist ein guter Reiter vom Himmel gefallen, und was sp\u00e4ter so leicht aussieht, ist das Ergebnis von langer, geduldiger Arbeit an sich selbst. Das Erkennen und Akzeptieren von eigenen St\u00e4rken und Schw\u00e4chen und das Lernen, gut mit den eigenen F\u00e4higkeiten umzugehen, das sind wichtige Dinge, die jeder beim Reiten erfahren und f\u00fcr sein ganzes Leben mitnehmen kann. Stets steht das Wohl des Pferdes an erster Stelle, eigene W\u00fcnsche m\u00fcssen da auch mal modifiziert werden, denn nicht alles gelingt gleich so, wie man es will. Das Ziel ist es, im Rahmen der eigenen M\u00f6glichkeiten Reiten zu lernen und Pferdeerfahrung zu sammeln.<\/span><\/p>\n<p>&nbsp;<\/p>\n","protected":false},"excerpt":{"rendered":"<p>Als Dipl. Sozielarbeiterin (FH) Reitwart FN (Deutsche reiterliche Vereinigung), \u00dcbungsleiterin B VFD (Verein Freizeitreiter Deutschlands), Reitp\u00e4dagogin SG-TR (Schweizer Gruppe therapeutisches Reiten) mit Gel\u00e4nde- und Wanderfahrabzeichen VFD biete ich Ihnen &#8211; Qualitativ hochwertigen Reitunterricht durch regelm\u00e4\u00dfige Fortbildungen &#8211; Gut ausgebildete Pferde, die fortlaufend von mir korrekturgeritten und weiter ausgebildet werden. &#8211; Ausgeglichene und zufriedene Pferde, die [&hellip;]<\/p>\n","protected":false},"author":2,"featured_media":179,"parent":0,"menu_order":0,"comment_status":"closed","ping_status":"closed","template":"","meta":{"_et_pb_use_builder":"","_et_pb_old_content":"","_et_gb_content_width":"","spay_email":""},"jetpack_sharing_enabled":true,"jetpack_shortlink":"https:\/\/wp.me\/PbTHYs-A","jetpack-related-posts":[{"id":12,"url":"https:\/\/www.andersreiten.de\/wordpress\/serviceangebot\/","url_meta":{"origin":36,"position":0},"title":"Nicole Anders","date":"25. April 2016","format":false,"excerpt":" Qualifikation: VFD-\u00dcbungsleiter B (Reiten) VFD-Rittf\u00fchrer G, VFD Wanderfahrabzeichen Reitp\u00e4dagogin SG-TR, Reitwart FN,\u2026","rel":"","context":"\u00c4hnlicher Beitrag","img":{"alt_text":"","src":"","width":0,"height":0},"classes":[]},{"id":320,"url":"https:\/\/www.andersreiten.de\/wordpress\/zu-meiner-person\/","url_meta":{"origin":36,"position":1},"title":"Zu meiner Person","date":"19. Mai 2016","format":false,"excerpt":"Zu meiner Person: Geboren 1972 und Pferdebegeistert seit meiner Kindheit, durfte ich ab 10 Jahren 1x w\u00f6chentlich im Reitverein und in Schulferien reiten. Mit 12 Jahren machte ich den Reiterpass FN, mit 14 Jahren das Jugendreitabzeichen der Klasse 4 FN und k\u00fcmmerte mich ab da neben der w\u00f6chentlichen Reitstunde im\u2026","rel":"","context":"\u00c4hnlicher Beitrag","img":{"alt_text":"","src":"","width":0,"height":0},"classes":[]},{"id":38,"url":"https:\/\/www.andersreiten.de\/wordpress\/pferdeausbildung\/","url_meta":{"origin":36,"position":2},"title":"Pferdeausbildung","date":"28. April 2016","format":false,"excerpt":"Als Dipl. Sozialarbeiterin (FH), Reitwart FN (Deutsche reiterliche Vereinigung), \u00dcbungsleiterin B VFD (Verein Freizeitreiter Deutschlands), Reitp\u00e4dagogin SG-TR (Schweizer Gruppe therapeutisches Reiten) mit Gel\u00e4nde- und Wanderfahrabzeichen VFD sowie durch meine langj\u00e4hrige Erfahrung in der Ausbildung von jungen und \u00e4lteren Pferden biete ich Ihnen - Qualitativ hochwertige Pferdeausbildung durch regelm\u00e4\u00dfige Fortbildungen -\u2026","rel":"","context":"\u00c4hnlicher Beitrag","img":{"alt_text":"","src":"https:\/\/i0.wp.com\/freudemitpferden.de\/wordpress\/wp-content\/uploads\/2016\/04\/DSCF1311.jpg?resize=350%2C200&ssl=1","width":350,"height":200},"classes":[]},{"id":61,"url":"https:\/\/www.andersreiten.de\/wordpress\/agb\/","url_meta":{"origin":36,"position":3},"title":"AGB","date":"5. Mai 2016","format":false,"excerpt":"Geleistet wird je nach vertraglicher Vereinbarung heilp\u00e4dagogisches Reiten, Reitunterricht oder Pferdeausbildung. Alle drei Bereiche beziehen sich nicht nur auf die Arbeit auf dem Pferd, dem Reiten, sondern auch den Umgang und verschiedenste Arbeit mit dem Pferd vom Boden aus. Unterschiedliche Aktivit\u00e4ten rund ums Pferd sind weitere Bestandteile vom heilp\u00e4dagogischen Reiten\u2026","rel":"","context":"\u00c4hnlicher Beitrag","img":{"alt_text":"","src":"","width":0,"height":0},"classes":[]},{"id":32,"url":"https:\/\/www.andersreiten.de\/wordpress\/heilpaedagogisches-reiten\/","url_meta":{"origin":36,"position":4},"title":"Heilp\u00e4dagogisches Reiten","date":"28. April 2016","format":false,"excerpt":"Als Dipl. Sozialarbeiterin FH, langj\u00e4hrige Reitp\u00e4dagogin SG-TR (Schweizer Gruppe therapeutisches Reiten) und Verbandsmitglied bei der SG-TR mit Anerkennung vom DKThR (Deutschen Kuratorium f\u00fcr therapeutisches Reiten) biete ich Ihnen - Qualitativ hochwertige Reitp\u00e4dagogik durch regelm\u00e4\u00dfige Fortbildungen - Gut ausgebildete Pferde, die fortlaufend von mir korrekturgeritten und weiter ausgebildet werden. - Ausgeglichene\u2026","rel":"","context":"\u00c4hnlicher Beitrag","img":{"alt_text":"","src":"https:\/\/i1.wp.com\/freudemitpferden.de\/wordpress\/wp-content\/uploads\/2016\/04\/DSCF1313.jpg?resize=350%2C200&ssl=1","width":350,"height":200},"classes":[]},{"id":24,"url":"https:\/\/www.andersreiten.de\/wordpress\/","url_meta":{"origin":36,"position":5},"title":"Freude mit Pferden","date":"28. April 2016","format":false,"excerpt":" [et_pb_slide background_image=\"https:\/\/andersreiten.de\/wordpress\/wp-content\/uploads\/2018\/06\/IMG-20180515-WA0038-e1527868338965.jpg\" background_color=\"#ffffff\" alignment=\"center\" background_layout=\"dark\" heading=\"Willkommen bei Anders Reiten\" background_position=\"top_center\" background_size=\"default\" use_bg_overlay=\"on\" use_text_overlay=\"on\"\u2026","rel":"","context":"\u00c4hnlicher Beitrag","img":{"alt_text":"","src":"","width":0,"height":0},"classes":[]}],"_links":{"self":[{"href":"https:\/\/www.andersreiten.de\/wordpress\/wp-json\/wp\/v2\/pages\/36"}],"collection":[{"href":"https:\/\/www.andersreiten.de\/wordpress\/wp-json\/wp\/v2\/pages"}],"about":[{"href":"https:\/\/www.andersreiten.de\/wordpress\/wp-json\/wp\/v2\/types\/page"}],"author":[{"embeddable":true,"href":"https:\/\/www.andersreiten.de\/wordpress\/wp-json\/wp\/v2\/users\/2"}],"replies":[{"embeddable":true,"href":"https:\/\/www.andersreiten.de\/wordpress\/wp-json\/wp\/v2\/comments?post=36"}],"version-history":[{"count":6,"href":"https:\/\/www.andersreiten.de\/wordpress\/wp-json\/wp\/v2\/pages\/36\/revisions"}],"predecessor-version":[{"id":25385,"href":"https:\/\/www.andersreiten.de\/wordpress\/wp-json\/wp\/v2\/pages\/36\/revisions\/25385"}],"wp:featuredmedia":[{"embeddable":true,"href":"https:\/\/www.andersreiten.de\/wordpress\/wp-json\/wp\/v2\/media\/179"}],"wp:attachment":[{"href":"https:\/\/www.andersreiten.de\/wordpress\/wp-json\/wp\/v2\/media?parent=36"}],"curies":[{"name":"wp","href":"https:\/\/api.w.org\/{rel}","templated":true}]}}