{"id":32,"date":"2016-04-28T12:31:43","date_gmt":"2016-04-28T10:31:43","guid":{"rendered":"http:\/\/cjella.corvus.uberspace.de\/wordpress\/?page_id=32"},"modified":"2018-06-01T18:06:14","modified_gmt":"2018-06-01T16:06:14","slug":"heilpaedagogisches-reiten","status":"publish","type":"page","link":"https:\/\/www.andersreiten.de\/wordpress\/heilpaedagogisches-reiten\/","title":{"rendered":"Heilp\u00e4dagogisches Reiten"},"content":{"rendered":"<p style=\"text-align: left;\" align=\"justify\"><span style=\"font-size: medium;\">Als <b>Dipl. Sozialarbeiterin FH<\/b>, langj\u00e4hrige <b>Reitp\u00e4dagogin SG-TR<\/b> (Schweizer Gruppe therapeutisches Reiten) und <b>Verbandsmitglied bei der SG-TR<\/b> mit <b>Anerkennung vom <\/b><b>DKThR<\/b> (Deutschen Kuratorium f\u00fcr therapeutisches Reiten) biete ich Ihnen<br \/>\n<\/span><\/p>\n<p align=\"justify\"><span style=\"font-size: medium;\">&#8211; Qualitativ hochwertige Reitp\u00e4dagogik durch regelm\u00e4\u00dfige Fortbildungen<\/span><\/p>\n<p align=\"justify\"><span style=\"font-size: medium;\">&#8211; Gut ausgebildete Pferde, die fortlaufend von mir korrekturgeritten und weiter ausgebildet werden.<\/span><\/p>\n<p align=\"justify\"><span style=\"font-size: medium;\">&#8211; Ausgeglichene und zufriedene Pferde, die artgerecht in einer Offenstallhaltung leben, Partner und Familienmitglieder sind.<\/span><\/p>\n<p align=\"justify\"><span style=\"font-size: medium;\">&#8211; Sehr pers\u00f6nliche, individuelle Betreuung durch Kleingruppen bzw. Einzelstunden.<\/span><\/p>\n<p align=\"justify\"><span style=\"font-size: medium;\">Die Einheiten finden sowohl im Stallbereich, auf dem \u00fcberdachten Reitplatz oder im freien Gel\u00e4nde statt. Gemeinsam mit den Pferden erleben wir die Jahreszeiten mit ihren Reizen und Besonderheiten drau\u00dfen in der Natur. <\/span><\/p>\n<p align=\"justify\"><span style=\"font-size: medium;\"><strong>Schwerpunkt ist die heilp\u00e4dagogische F\u00f6rderung der Klienten<\/strong> <strong>durch die Besch\u00e4ftigung mit dem Partner Pferd.<\/strong> Dazu geh\u00f6rt zum Beispiel die Pferdepflege, das F\u00fchren, das Reiten, \u00dcbungen und Spiele auf und mit dem Pferd, das Fahren oder auch das Longieren eines Pferdes, je nach Bedarf.<\/span><\/p>\n<p align=\"justify\"><span style=\"font-size: medium;\">Zur Verf\u00fcgung stehen Pferde, die sich sowohl im Charakter als auch optisch gut unterscheiden. Jedes hat seine eigene Pers\u00f6nlichkeit, eigene St\u00e4rken und Schw\u00e4chen. Alle, ob Pferde oder Menschen werden in ihrer Individualit\u00e4t angenommen und ernstgenommen. Wir nehmen R\u00fccksicht auf die Tagesstimmung von Pferd und Mensch und richten unser Tun danach aus, so dass alle gef\u00f6rdert, aber m\u00f6glichst niemand \u00fcberfordert wird. <\/span><\/p>\n<p align=\"justify\"><span style=\"font-size: medium;\"><strong>Das heilp\u00e4dagogische Reiten biete ich Ihnen an in Einzel- oder Gruppenstunden, auch integrative Gruppenstunden sind m\u00f6glich,\u00a0<\/strong> zum Beispiel in der Spielgruppe.<br \/>\n<\/span><\/p>\n<p align=\"justify\">\n<h5 align=\"justify\"><strong>Spielgruppe:<\/strong><\/h5>\n<p>F\u00fcr 4 Kinder ab ca 5 Jahren bis Grundschulalter<\/p>\n<p align=\"justify\"><span style=\"font-size: medium;\">Wir nehmen uns Zeit, mit Freude und Ruhe die Pferde und was man mit ihnen machen kann spielerisch mit Freude und Ruhe kennenzulernen. Bei allerlei Aktivit\u00e4ten rund ums und auf dem Pferd lernen die Kinder mit der Zeit\u00a0 einen achtsamen und sicheren Umgang mit den Pferden, einen entspannten Sitz auf dem Pferd und haben nach und nach die ersten Erfolge im selbst\u00e4ndigen Reiten. Auch die Stallarbeit und alles, was sonst noch so f\u00fcr die Pferde zu tun ist, wird einbezogen. Im St\u00fcbchen wird auch schon mal gebastelt und spielerisch Pferdewissen vermittelt, je nachdem, was gerade ansteht. Die F\u00f6rderung von Selbstbewusstsein, Sozialverhalten, Koordination und Motorik geschieht dabei von den Kindern unbemerkt aber wirkungsvoll. Auch beeintr\u00e4chtigte Kinder sind herzlich willkommen. Das Ziel ist es, gemeinsam mit den Pferden zu wachsen und Pferdeerfahrung zu sammeln.<\/span><\/p>\n","protected":false},"excerpt":{"rendered":"<p>Als Dipl. Sozialarbeiterin FH, langj\u00e4hrige Reitp\u00e4dagogin SG-TR (Schweizer Gruppe therapeutisches Reiten) und Verbandsmitglied bei der SG-TR mit Anerkennung vom DKThR (Deutschen Kuratorium f\u00fcr therapeutisches Reiten) biete ich Ihnen &#8211; Qualitativ hochwertige Reitp\u00e4dagogik durch regelm\u00e4\u00dfige Fortbildungen &#8211; Gut ausgebildete Pferde, die fortlaufend von mir korrekturgeritten und weiter ausgebildet werden. &#8211; Ausgeglichene und zufriedene Pferde, die artgerecht [&hellip;]<\/p>\n","protected":false},"author":2,"featured_media":113,"parent":0,"menu_order":0,"comment_status":"closed","ping_status":"closed","template":"","meta":{"_et_pb_use_builder":"","_et_pb_old_content":"","_et_gb_content_width":"","spay_email":""},"jetpack_sharing_enabled":true,"jetpack_shortlink":"https:\/\/wp.me\/PbTHYs-w","jetpack-related-posts":[{"id":12,"url":"https:\/\/www.andersreiten.de\/wordpress\/serviceangebot\/","url_meta":{"origin":32,"position":0},"title":"Nicole Anders","date":"25. April 2016","format":false,"excerpt":" Qualifikation: VFD-\u00dcbungsleiter B (Reiten) VFD-Rittf\u00fchrer G, VFD Wanderfahrabzeichen Reitp\u00e4dagogin SG-TR, Reitwart FN,\u2026","rel":"","context":"\u00c4hnlicher Beitrag","img":{"alt_text":"","src":"","width":0,"height":0},"classes":[]},{"id":36,"url":"https:\/\/www.andersreiten.de\/wordpress\/reitunterricht\/","url_meta":{"origin":32,"position":1},"title":"Reitunterricht","date":"28. April 2016","format":false,"excerpt":"Als Dipl. Sozielarbeiterin (FH) Reitwart FN (Deutsche reiterliche Vereinigung), \u00dcbungsleiterin B VFD (Verein Freizeitreiter Deutschlands), Reitp\u00e4dagogin SG-TR (Schweizer Gruppe therapeutisches Reiten) mit Gel\u00e4nde- und Wanderfahrabzeichen VFD biete ich Ihnen - Qualitativ hochwertigen Reitunterricht durch regelm\u00e4\u00dfige Fortbildungen - Gut ausgebildete Pferde, die fortlaufend von mir korrekturgeritten und weiter ausgebildet werden. -\u2026","rel":"","context":"\u00c4hnlicher Beitrag","img":{"alt_text":"","src":"https:\/\/i0.wp.com\/freudemitpferden.de\/wordpress\/wp-content\/uploads\/2016\/05\/DSCF0393.jpg?resize=350%2C200&ssl=1","width":350,"height":200},"classes":[]},{"id":320,"url":"https:\/\/www.andersreiten.de\/wordpress\/zu-meiner-person\/","url_meta":{"origin":32,"position":2},"title":"Zu meiner Person","date":"19. Mai 2016","format":false,"excerpt":"Zu meiner Person: Geboren 1972 und Pferdebegeistert seit meiner Kindheit, durfte ich ab 10 Jahren 1x w\u00f6chentlich im Reitverein und in Schulferien reiten. Mit 12 Jahren machte ich den Reiterpass FN, mit 14 Jahren das Jugendreitabzeichen der Klasse 4 FN und k\u00fcmmerte mich ab da neben der w\u00f6chentlichen Reitstunde im\u2026","rel":"","context":"\u00c4hnlicher Beitrag","img":{"alt_text":"","src":"","width":0,"height":0},"classes":[]},{"id":38,"url":"https:\/\/www.andersreiten.de\/wordpress\/pferdeausbildung\/","url_meta":{"origin":32,"position":3},"title":"Pferdeausbildung","date":"28. April 2016","format":false,"excerpt":"Als Dipl. Sozialarbeiterin (FH), Reitwart FN (Deutsche reiterliche Vereinigung), \u00dcbungsleiterin B VFD (Verein Freizeitreiter Deutschlands), Reitp\u00e4dagogin SG-TR (Schweizer Gruppe therapeutisches Reiten) mit Gel\u00e4nde- und Wanderfahrabzeichen VFD sowie durch meine langj\u00e4hrige Erfahrung in der Ausbildung von jungen und \u00e4lteren Pferden biete ich Ihnen - Qualitativ hochwertige Pferdeausbildung durch regelm\u00e4\u00dfige Fortbildungen -\u2026","rel":"","context":"\u00c4hnlicher Beitrag","img":{"alt_text":"","src":"https:\/\/i0.wp.com\/freudemitpferden.de\/wordpress\/wp-content\/uploads\/2016\/04\/DSCF1311.jpg?resize=350%2C200&ssl=1","width":350,"height":200},"classes":[]},{"id":24,"url":"https:\/\/www.andersreiten.de\/wordpress\/","url_meta":{"origin":32,"position":4},"title":"Freude mit Pferden","date":"28. April 2016","format":false,"excerpt":" [et_pb_slide background_image=\"https:\/\/andersreiten.de\/wordpress\/wp-content\/uploads\/2018\/06\/IMG-20180515-WA0038-e1527868338965.jpg\" background_color=\"#ffffff\" alignment=\"center\" background_layout=\"dark\" heading=\"Willkommen bei Anders Reiten\" background_position=\"top_center\" background_size=\"default\" use_bg_overlay=\"on\" use_text_overlay=\"on\"\u2026","rel":"","context":"\u00c4hnlicher Beitrag","img":{"alt_text":"","src":"","width":0,"height":0},"classes":[]},{"id":61,"url":"https:\/\/www.andersreiten.de\/wordpress\/agb\/","url_meta":{"origin":32,"position":5},"title":"AGB","date":"5. Mai 2016","format":false,"excerpt":"Geleistet wird je nach vertraglicher Vereinbarung heilp\u00e4dagogisches Reiten, Reitunterricht oder Pferdeausbildung. Alle drei Bereiche beziehen sich nicht nur auf die Arbeit auf dem Pferd, dem Reiten, sondern auch den Umgang und verschiedenste Arbeit mit dem Pferd vom Boden aus. Unterschiedliche Aktivit\u00e4ten rund ums Pferd sind weitere Bestandteile vom heilp\u00e4dagogischen Reiten\u2026","rel":"","context":"\u00c4hnlicher Beitrag","img":{"alt_text":"","src":"","width":0,"height":0},"classes":[]}],"_links":{"self":[{"href":"https:\/\/www.andersreiten.de\/wordpress\/wp-json\/wp\/v2\/pages\/32"}],"collection":[{"href":"https:\/\/www.andersreiten.de\/wordpress\/wp-json\/wp\/v2\/pages"}],"about":[{"href":"https:\/\/www.andersreiten.de\/wordpress\/wp-json\/wp\/v2\/types\/page"}],"author":[{"embeddable":true,"href":"https:\/\/www.andersreiten.de\/wordpress\/wp-json\/wp\/v2\/users\/2"}],"replies":[{"embeddable":true,"href":"https:\/\/www.andersreiten.de\/wordpress\/wp-json\/wp\/v2\/comments?post=32"}],"version-history":[{"count":13,"href":"https:\/\/www.andersreiten.de\/wordpress\/wp-json\/wp\/v2\/pages\/32\/revisions"}],"predecessor-version":[{"id":25384,"href":"https:\/\/www.andersreiten.de\/wordpress\/wp-json\/wp\/v2\/pages\/32\/revisions\/25384"}],"wp:featuredmedia":[{"embeddable":true,"href":"https:\/\/www.andersreiten.de\/wordpress\/wp-json\/wp\/v2\/media\/113"}],"wp:attachment":[{"href":"https:\/\/www.andersreiten.de\/wordpress\/wp-json\/wp\/v2\/media?parent=32"}],"curies":[{"name":"wp","href":"https:\/\/api.w.org\/{rel}","templated":true}]}}