{"id":24,"date":"2016-04-28T12:39:18","date_gmt":"2016-04-28T10:39:18","guid":{"rendered":"http:\/\/cjella.corvus.uberspace.de\/wordpress\/?page_id=24"},"modified":"2020-04-14T16:23:18","modified_gmt":"2020-04-14T14:23:18","slug":"freude-mit-pferden-anders-reiten","status":"publish","type":"page","link":"https:\/\/www.andersreiten.de\/wordpress\/","title":{"rendered":"Freude mit Pferden"},"content":{"rendered":"<p>[et_pb_section admin_label=&#8220;section1&#8243; fullwidth=&#8220;on&#8220; specialty=&#8220;off&#8220; background_color=&#8220;#2e2e2e&#8220; inner_shadow=&#8220;off&#8220; parallax=&#8220;off&#8220; transparent_background=&#8220;off&#8220; allow_player_pause=&#8220;off&#8220; parallax_method=&#8220;off&#8220; padding_mobile=&#8220;off&#8220; make_fullwidth=&#8220;off&#8220; use_custom_width=&#8220;off&#8220; width_unit=&#8220;on&#8220; make_equal=&#8220;off&#8220; use_custom_gutter=&#8220;off&#8220;][et_pb_fullwidth_slider admin_label=&#8220;Fullwidth Slider&#8220; show_arrows=&#8220;on&#8220; show_pagination=&#8220;on&#8220; auto=&#8220;on&#8220; parallax=&#8220;on&#8220; auto_ignore_hover=&#8220;on&#8220; parallax_method=&#8220;off&#8220; remove_inner_shadow=&#8220;on&#8220; background_position=&#8220;default&#8220; background_size=&#8220;default&#8220; hide_content_on_mobile=&#8220;off&#8220; hide_cta_on_mobile=&#8220;off&#8220; show_image_video_mobile=&#8220;off&#8220; custom_button=&#8220;off&#8220; button_letter_spacing=&#8220;0&#8243; button_use_icon=&#8220;default&#8220; button_icon_placement=&#8220;right&#8220; button_on_hover=&#8220;on&#8220; button_letter_spacing_hover=&#8220;0&#8243; auto_speed=&#8220;9000&#8243;] [et_pb_slide background_image=&#8220;https:\/\/andersreiten.de\/wordpress\/wp-content\/uploads\/2018\/06\/IMG-20180515-WA0038-e1527868338965.jpg&#8220; background_color=&#8220;#ffffff&#8220; alignment=&#8220;center&#8220; background_layout=&#8220;dark&#8220; heading=&#8220;Willkommen bei Anders Reiten&#8220; background_position=&#8220;top_center&#8220; background_size=&#8220;default&#8220; use_bg_overlay=&#8220;on&#8220; use_text_overlay=&#8220;on&#8220; allow_player_pause=&#8220;off&#8220; text_border_radius=&#8220;3&#8243; header_font_select=&#8220;default&#8220; header_font=&#8220;||||&#8220; body_font_select=&#8220;default&#8220; body_font=&#8220;||||&#8220; custom_button=&#8220;off&#8220; button_font_select=&#8220;default&#8220; button_font=&#8220;||||&#8220; button_use_icon=&#8220;default&#8220; button_icon_placement=&#8220;right&#8220; button_on_hover=&#8220;on&#8220;] [\/et_pb_slide][et_pb_slide background_color=&#8220;#81d742&#8243; alignment=&#8220;center&#8220; background_layout=&#8220;dark&#8220; heading=&#8220;Ausritte&#8220; background_image=&#8220;https:\/\/andersreiten.de\/wordpress\/wp-content\/uploads\/2016\/05\/100_0456.jpg&#8220; background_position=&#8220;default&#8220; background_size=&#8220;default&#8220; use_bg_overlay=&#8220;off&#8220; use_text_overlay=&#8220;off&#8220; allow_player_pause=&#8220;off&#8220; text_border_radius=&#8220;3&#8243; header_font_select=&#8220;default&#8220; header_font=&#8220;||||&#8220; body_font_select=&#8220;default&#8220; body_font=&#8220;||||&#8220; custom_button=&#8220;off&#8220; button_font_select=&#8220;default&#8220; button_font=&#8220;||||&#8220; button_use_icon=&#8220;default&#8220; button_icon_placement=&#8220;right&#8220; button_on_hover=&#8220;on&#8220; image=&#8220;https:\/\/andersreiten.de\/wordpress\/wp-content\/uploads\/2016\/05\/DSCF0393.jpg&#8220; bg_overlay_color=&#8220;#dd3333&#8243;] [\/et_pb_slide][et_pb_slide heading=&#8220;Pferdeausbildung&#8220; background_image=&#8220;https:\/\/andersreiten.de\/wordpress\/wp-content\/uploads\/2016\/05\/115.jpg&#8220; background_position=&#8220;bottom_center&#8220; background_size=&#8220;cover&#8220; background_color=&#8220;#ffffff&#8220; use_bg_overlay=&#8220;off&#8220; use_text_overlay=&#8220;off&#8220; alignment=&#8220;center&#8220; background_layout=&#8220;dark&#8220; allow_player_pause=&#8220;off&#8220; text_border_radius=&#8220;3&#8243; header_font_select=&#8220;default&#8220; header_font=&#8220;||||&#8220; body_font_select=&#8220;default&#8220; body_font=&#8220;||||&#8220; custom_button=&#8220;off&#8220; button_font_select=&#8220;default&#8220; button_font=&#8220;||||&#8220; button_use_icon=&#8220;default&#8220; button_icon_placement=&#8220;right&#8220; button_on_hover=&#8220;on&#8220;] [\/et_pb_slide][et_pb_slide heading=&#8220;meine Pferde&#8220; background_image=&#8220;https:\/\/andersreiten.de\/wordpress\/wp-content\/uploads\/2018\/06\/20180525_182430-e1527862695423.jpg&#8220; background_position=&#8220;default&#8220; background_size=&#8220;default&#8220; background_color=&#8220;#ffffff&#8220; use_bg_overlay=&#8220;off&#8220; use_text_overlay=&#8220;off&#8220; alignment=&#8220;center&#8220; background_layout=&#8220;dark&#8220; allow_player_pause=&#8220;off&#8220; text_border_radius=&#8220;3&#8243; header_font_select=&#8220;default&#8220; header_font=&#8220;||||&#8220; body_font_select=&#8220;default&#8220; body_font=&#8220;||||&#8220; custom_button=&#8220;off&#8220; button_font_select=&#8220;default&#8220; button_font=&#8220;||||&#8220; button_use_icon=&#8220;default&#8220; button_icon_placement=&#8220;right&#8220; button_on_hover=&#8220;on&#8220;] [\/et_pb_slide][et_pb_slide heading=&#8220;Heilp\u00e4dagogisches Reiten&#8220; background_position=&#8220;default&#8220; background_size=&#8220;default&#8220; background_color=&#8220;#ffffff&#8220; use_bg_overlay=&#8220;off&#8220; use_text_overlay=&#8220;off&#8220; alignment=&#8220;center&#8220; background_layout=&#8220;dark&#8220; allow_player_pause=&#8220;off&#8220; text_border_radius=&#8220;3&#8243; header_font_select=&#8220;default&#8220; header_font=&#8220;||||&#8220; body_font_select=&#8220;default&#8220; body_font=&#8220;||||&#8220; custom_button=&#8220;off&#8220; button_font_select=&#8220;default&#8220; button_font=&#8220;||||&#8220; button_use_icon=&#8220;default&#8220; button_icon_placement=&#8220;right&#8220; button_on_hover=&#8220;on&#8220; background_image=&#8220;https:\/\/andersreiten.de\/wordpress\/wp-content\/uploads\/2018\/06\/20180321_154354-e1527858801158.jpg&#8220;] [\/et_pb_slide] [\/et_pb_fullwidth_slider][\/et_pb_section][et_pb_section admin_label=&#8220;Sektion&#8220; fullwidth=&#8220;on&#8220; specialty=&#8220;off&#8220;][et_pb_fullwidth_header admin_label=&#8220;Vollbreite Kopfzeile&#8220; background_layout=&#8220;light&#8220; text_orientation=&#8220;center&#8220; header_fullscreen=&#8220;off&#8220; header_scroll_down=&#8220;off&#8220; parallax=&#8220;on&#8220; parallax_method=&#8220;off&#8220; logo_image_url=&#8220;https:\/\/andersreiten.de\/wordpress\/wp-content\/uploads\/2016\/06\/logo_andersreiten_20160504_v9a_pic_transp.png&#8220; content_orientation=&#8220;center&#8220; image_orientation=&#8220;center&#8220; custom_button_one=&#8220;off&#8220; button_one_letter_spacing=&#8220;0&#8243; button_one_use_icon=&#8220;default&#8220; button_one_icon_placement=&#8220;right&#8220; button_one_on_hover=&#8220;on&#8220; button_one_letter_spacing_hover=&#8220;0&#8243; custom_button_two=&#8220;off&#8220; button_two_letter_spacing=&#8220;0&#8243; button_two_use_icon=&#8220;default&#8220; button_two_icon_placement=&#8220;right&#8220; button_two_on_hover=&#8220;on&#8220; button_two_letter_spacing_hover=&#8220;0&#8243; background_color=&#8220;rgba(255,255,255,0.38)&#8220; background_overlay_color=&#8220;rgba(255,255,255,0.43)&#8220; subhead=&#8220;- damit das Gl\u00fcck der Pferde nicht der Reiter auf der Erde ist.&#8220; subhead_font=&#8220;Happy Monkey||||&#8220; subhead_font_size=&#8220;24px&#8220; title=&#8220;~~~&#8220; scroll_down_icon_size=&#8220;100px&#8220; title_font=&#8220;Calligraffitti||on||&#8220; subhead_font_color=&#8220;#000000&#8243; background_url=&#8220;https:\/\/andersreiten.de\/wordpress\/wp-content\/uploads\/2016\/05\/100_0508-e1463666717592.jpg&#8220; logo_alt_text=&#8220;- damit das Gl\u00fcck der Pferde nicht der Reiter auf der Erde ist.&#8220; logo_title=&#8220;- damit das Gl\u00fcck der Pferde nicht der Reiter auf der Erde ist.&#8220;] [\/et_pb_fullwidth_header][\/et_pb_section][et_pb_section admin_label=&#8220;Sektion&#8220; fullwidth=&#8220;on&#8220; specialty=&#8220;off&#8220;][et_pb_fullwidth_slider admin_label=&#8220;Vollbreiter Slider&#8220; show_arrows=&#8220;on&#8220; show_pagination=&#8220;on&#8220; auto=&#8220;off&#8220; auto_ignore_hover=&#8220;off&#8220; parallax=&#8220;on&#8220; parallax_method=&#8220;off&#8220; remove_inner_shadow=&#8220;on&#8220; background_position=&#8220;default&#8220; background_size=&#8220;default&#8220; hide_content_on_mobile=&#8220;off&#8220; hide_cta_on_mobile=&#8220;off&#8220; show_image_video_mobile=&#8220;off&#8220; custom_button=&#8220;off&#8220; button_letter_spacing=&#8220;0&#8243; button_use_icon=&#8220;default&#8220; button_icon_placement=&#8220;right&#8220; button_on_hover=&#8220;on&#8220; button_letter_spacing_hover=&#8220;0&#8243;] [et_pb_slide heading=&#8220;Anders Reiten&#8220; background_image=&#8220;https:\/\/andersreiten.de\/wordpress\/wp-content\/uploads\/2016\/05\/100_0501-e1463667035964.jpg&#8220; background_position=&#8220;default&#8220; background_size=&#8220;default&#8220; background_color=&#8220;#ffffff&#8220; use_bg_overlay=&#8220;off&#8220; use_text_overlay=&#8220;off&#8220; alignment=&#8220;center&#8220; background_layout=&#8220;dark&#8220; allow_player_pause=&#8220;off&#8220; text_border_radius=&#8220;3&#8243; header_font_select=&#8220;default&#8220; header_font=&#8220;||||&#8220; body_font_select=&#8220;default&#8220; body_font=&#8220;||||&#8220; custom_button=&#8220;off&#8220; button_font_select=&#8220;default&#8220; button_font=&#8220;||||&#8220; button_use_icon=&#8220;default&#8220; button_icon_placement=&#8220;right&#8220; button_on_hover=&#8220;on&#8220;] [\/et_pb_slide] [\/et_pb_fullwidth_slider][\/et_pb_section][et_pb_section admin_label=&#8220;Sektion&#8220; fullwidth=&#8220;on&#8220; specialty=&#8220;off&#8220;][et_pb_fullwidth_image admin_label=&#8220;Volle Breite des Bildes&#8220; src=&#8220;https:\/\/andersreiten.de\/wordpress\/wp-content\/uploads\/2016\/05\/DSCF1103-e1463090940693.jpg&#8220; show_in_lightbox=&#8220;off&#8220; url_new_window=&#8220;off&#8220; use_overlay=&#8220;off&#8220; animation=&#8220;off&#8220; use_border_color=&#8220;off&#8220; border_color=&#8220;#ffffff&#8220; border_style=&#8220;solid&#8220;] [\/et_pb_fullwidth_image][\/et_pb_section][et_pb_section admin_label=&#8220;section&#8220; fullwidth=&#8220;off&#8220; specialty=&#8220;off&#8220; background_color=&#8220;#f7f7f7&#8243; inner_shadow=&#8220;off&#8220; parallax=&#8220;off&#8220;][et_pb_row admin_label=&#8220;row&#8220; make_fullwidth=&#8220;off&#8220; use_custom_width=&#8220;off&#8220; width_unit=&#8220;on&#8220; use_custom_gutter=&#8220;off&#8220; padding_mobile=&#8220;off&#8220; allow_player_pause=&#8220;off&#8220; parallax=&#8220;off&#8220; parallax_method=&#8220;off&#8220; make_equal=&#8220;off&#8220; parallax_1=&#8220;off&#8220; parallax_method_1=&#8220;off&#8220; parallax_2=&#8220;off&#8220; parallax_method_2=&#8220;off&#8220; column_padding_mobile=&#8220;on&#8220;][et_pb_column type=&#8220;1_2&#8243;][et_pb_team_member admin_label=&#8220;Person Nicole&#8220; image_url=&#8220;https:\/\/andersreiten.de\/wordpress\/wp-content\/uploads\/2016\/04\/4388_558bdc3fc48c0.jpg&#8220; animation=&#8220;left&#8220; background_layout=&#8220;light&#8220; use_border_color=&#8220;off&#8220; border_color=&#8220;#ffffff&#8220; border_style=&#8220;solid&#8220;] [\/et_pb_team_member][\/et_pb_column][et_pb_column type=&#8220;1_2&#8243;][et_pb_divider admin_label=&#8220;Divider&#8220; color=&#8220;#ffffff&#8220; show_divider=&#8220;off&#8220; height=&#8220;40&#8243; divider_style=&#8220;solid&#8220; divider_position=&#8220;top&#8220; hide_on_mobile=&#8220;on&#8220;] [\/et_pb_divider][et_pb_blurb admin_label=&#8220;Informationstext&#8220; title=&#8220;Mein Angebot&#8220; url_new_window=&#8220;off&#8220; use_icon=&#8220;off&#8220; icon_color=&#8220;#81d742&#8243; use_circle=&#8220;off&#8220; circle_color=&#8220;#81d742&#8243; use_circle_border=&#8220;off&#8220; circle_border_color=&#8220;#81d742&#8243; icon_placement=&#8220;top&#8220; animation=&#8220;top&#8220; background_layout=&#8220;light&#8220; text_orientation=&#8220;left&#8220; use_icon_font_size=&#8220;off&#8220; use_border_color=&#8220;off&#8220; border_color=&#8220;#ffffff&#8220; border_style=&#8220;solid&#8220;] [\/et_pb_blurb][et_pb_blurb admin_label=&#8220;Blurb_Reitunterricht&#8220; title=&#8220;Reitunterricht&#8220; url_new_window=&#8220;off&#8220; use_icon=&#8220;on&#8220; font_icon=&#8220;%%277%%&#8220; icon_color=&#8220;#ffffff&#8220; use_circle=&#8220;on&#8220; circle_color=&#8220;#7cda24&#8243; use_circle_border=&#8220;off&#8220; circle_border_color=&#8220;#2ea3f2&#8243; icon_placement=&#8220;left&#8220; animation=&#8220;top&#8220; background_layout=&#8220;light&#8220; text_orientation=&#8220;center&#8220; use_icon_font_size=&#8220;off&#8220; use_border_color=&#8220;off&#8220; border_color=&#8220;#ffffff&#8220; border_style=&#8220;solid&#8220; url=&#8220;https:\/\/andersreiten.de\/wordpress\/reitunterricht\/&#8220;]<\/p>\n<p>mit Gef\u00fchl und Verstand &#8211; damit das Gl\u00fcck der Pferde nicht der Reiter auf der Erde ist.<\/p>\n<p>[\/et_pb_blurb][et_pb_blurb admin_label=&#8220;Blurb_Heilp\u00e4dagogisches_Reiten&#8220; title=&#8220;Heilp\u00e4dagogisches Reiten&#8220; url_new_window=&#8220;off&#8220; use_icon=&#8220;on&#8220; font_icon=&#8220;%%277%%&#8220; icon_color=&#8220;#ffffff&#8220; use_circle=&#8220;on&#8220; circle_color=&#8220;#7cda24&#8243; use_circle_border=&#8220;off&#8220; circle_border_color=&#8220;#2ea3f2&#8243; icon_placement=&#8220;left&#8220; animation=&#8220;top&#8220; background_layout=&#8220;light&#8220; text_orientation=&#8220;center&#8220; use_icon_font_size=&#8220;off&#8220; use_border_color=&#8220;off&#8220; border_color=&#8220;#ffffff&#8220; border_style=&#8220;solid&#8220; url=&#8220;https:\/\/andersreiten.de\/wordpress\/heilpaedagogisches-reiten\/&#8220;]<\/p>\n<p>Heilp\u00e4dagogische F\u00f6rderung durch die Besch\u00e4ftigung mit dem Partner Pferd.<\/p>\n<p>[\/et_pb_blurb][et_pb_blurb admin_label=&#8220;Blurb_Pferdeausbildung&#8220; title=&#8220;Pferdeausbildung&#8220; url_new_window=&#8220;off&#8220; use_icon=&#8220;on&#8220; font_icon=&#8220;%%277%%&#8220; icon_color=&#8220;#ffffff&#8220; use_circle=&#8220;on&#8220; circle_color=&#8220;#7cda24&#8243; use_circle_border=&#8220;off&#8220; circle_border_color=&#8220;#2ea3f2&#8243; icon_placement=&#8220;left&#8220; animation=&#8220;top&#8220; background_layout=&#8220;light&#8220; text_orientation=&#8220;center&#8220; use_icon_font_size=&#8220;off&#8220; use_border_color=&#8220;off&#8220; border_color=&#8220;#ffffff&#8220; border_style=&#8220;solid&#8220; url=&#8220;https:\/\/andersreiten.de\/wordpress\/pferdeausbildung\/&#8220;]<\/p>\n<p>mit Gef\u00fchl und Verstand &#8211; damit das Gl\u00fcck dieser Erde tats\u00e4chlich auf dem R\u00fccken der Pferde ist.<\/p>\n<p>[\/et_pb_blurb][\/et_pb_column][\/et_pb_row][et_pb_row admin_label=&#8220;Zeile&#8220;][et_pb_column type=&#8220;1_2&#8243;][\/et_pb_column][et_pb_column type=&#8220;1_2&#8243;][et_pb_image admin_label=&#8220;Bild&#8220; src=&#8220;https:\/\/andersreiten.de\/wordpress\/wp-content\/uploads\/2016\/05\/P1010013.jpg&#8220; show_in_lightbox=&#8220;off&#8220; url_new_window=&#8220;off&#8220; use_overlay=&#8220;off&#8220; animation=&#8220;left&#8220; sticky=&#8220;off&#8220; align=&#8220;left&#8220; force_fullwidth=&#8220;off&#8220; always_center_on_mobile=&#8220;on&#8220; use_border_color=&#8220;off&#8220; border_color=&#8220;#ffffff&#8220; border_style=&#8220;solid&#8220;] [\/et_pb_image][\/et_pb_column][\/et_pb_row][\/et_pb_section][et_pb_section admin_label=&#8220;section&#8220; fullwidth=&#8220;off&#8220; specialty=&#8220;off&#8220; background_color=&#8220;#7cda24&#8243; inner_shadow=&#8220;off&#8220; parallax=&#8220;off&#8220; transparent_background=&#8220;off&#8220; allow_player_pause=&#8220;off&#8220; parallax_method=&#8220;off&#8220; padding_mobile=&#8220;off&#8220; make_fullwidth=&#8220;off&#8220; use_custom_width=&#8220;off&#8220; width_unit=&#8220;on&#8220; make_equal=&#8220;off&#8220; use_custom_gutter=&#8220;off&#8220;][et_pb_row admin_label=&#8220;row&#8220; make_fullwidth=&#8220;off&#8220; use_custom_width=&#8220;off&#8220; width_unit=&#8220;on&#8220; use_custom_gutter=&#8220;off&#8220; padding_mobile=&#8220;off&#8220; allow_player_pause=&#8220;off&#8220; parallax=&#8220;off&#8220; parallax_method=&#8220;off&#8220; make_equal=&#8220;off&#8220; parallax_1=&#8220;off&#8220; parallax_method_1=&#8220;off&#8220; column_padding_mobile=&#8220;on&#8220;][et_pb_column type=&#8220;4_4&#8243;][et_pb_cta admin_label=&#8220;Call To Action nach Leistungen&#8220; title=&#8220;Meine Leistungen&#8220; button_url=&#8220;#&#8220; button_text=&#8220;Enter&#8220; background_color=&#8220;#ffffff&#8220; use_background_color=&#8220;on&#8220; background_layout=&#8220;light&#8220; text_orientation=&#8220;center&#8220; url_new_window=&#8220;off&#8220; use_border_color=&#8220;off&#8220; border_color=&#8220;#ffffff&#8220; border_style=&#8220;solid&#8220; custom_button=&#8220;off&#8220; button_letter_spacing=&#8220;0&#8243; button_use_icon=&#8220;default&#8220; button_icon_placement=&#8220;right&#8220; button_on_hover=&#8220;on&#8220; button_letter_spacing_hover=&#8220;0&#8243;]<\/p>\n<p style=\"text-align: left;\"><strong>Qualifizierter, individueller Unterricht sowie heilp\u00e4dagogisches Reiten auf Pferden,<\/strong><\/p>\n<ul style=\"text-align: left;\">\n<li><strong>die st\u00e4ndig abwechslungsreich aus- und weitergebildet werden.<\/strong><\/li>\n<li><strong>die durch Familienanschluss und Offenstallhaltung freundlich und menschenbezogen sind.<\/strong><\/li>\n<\/ul>\n<p style=\"text-align: left;\"><strong>Die Einheiten finden sowohl im Stallbereich, auf dem \u00fcberdachten Reitplatz oder im freien Gel\u00e4nde statt. Gemeinsam mit den Pferden erleben wir die Jahreszeiten mit ihren Reizen und Besonderheiten drau\u00dfen in der Natur.<\/strong><\/p>\n<p style=\"text-align: left;\" align=\"justify\"><strong><span style=\"font-size: medium;\">\u00a0<\/span><\/strong><\/p>\n<p>[\/et_pb_cta][\/et_pb_column][\/et_pb_row][\/et_pb_section]<\/p>\n","protected":false},"excerpt":{"rendered":"<p>[et_pb_section admin_label=&#8220;section1&#8243; fullwidth=&#8220;on&#8220; specialty=&#8220;off&#8220; background_color=&#8220;#2e2e2e&#8220; inner_shadow=&#8220;off&#8220; parallax=&#8220;off&#8220; transparent_background=&#8220;off&#8220; allow_player_pause=&#8220;off&#8220; parallax_method=&#8220;off&#8220; padding_mobile=&#8220;off&#8220; make_fullwidth=&#8220;off&#8220; use_custom_width=&#8220;off&#8220; width_unit=&#8220;on&#8220; make_equal=&#8220;off&#8220; use_custom_gutter=&#8220;off&#8220;][et_pb_fullwidth_slider admin_label=&#8220;Fullwidth Slider&#8220; show_arrows=&#8220;on&#8220; show_pagination=&#8220;on&#8220; auto=&#8220;on&#8220; parallax=&#8220;on&#8220; auto_ignore_hover=&#8220;on&#8220; parallax_method=&#8220;off&#8220; remove_inner_shadow=&#8220;on&#8220; background_position=&#8220;default&#8220; background_size=&#8220;default&#8220; hide_content_on_mobile=&#8220;off&#8220; hide_cta_on_mobile=&#8220;off&#8220; show_image_video_mobile=&#8220;off&#8220; custom_button=&#8220;off&#8220; button_letter_spacing=&#8220;0&#8243; button_use_icon=&#8220;default&#8220; button_icon_placement=&#8220;right&#8220; button_on_hover=&#8220;on&#8220; button_letter_spacing_hover=&#8220;0&#8243; auto_speed=&#8220;9000&#8243;] [et_pb_slide background_image=&#8220;https:\/\/andersreiten.de\/wordpress\/wp-content\/uploads\/2018\/06\/IMG-20180515-WA0038-e1527868338965.jpg&#8220; background_color=&#8220;#ffffff&#8220; alignment=&#8220;center&#8220; background_layout=&#8220;dark&#8220; heading=&#8220;Willkommen bei Anders Reiten&#8220; background_position=&#8220;top_center&#8220; background_size=&#8220;default&#8220; use_bg_overlay=&#8220;on&#8220; use_text_overlay=&#8220;on&#8220; allow_player_pause=&#8220;off&#8220; text_border_radius=&#8220;3&#8243; header_font_select=&#8220;default&#8220; header_font=&#8220;||||&#8220; body_font_select=&#8220;default&#8220; [&hellip;]<\/p>\n","protected":false},"author":2,"featured_media":0,"parent":0,"menu_order":0,"comment_status":"closed","ping_status":"closed","template":"","meta":{"_et_pb_use_builder":"on","_et_pb_old_content":"<p><strong>Anders Reiten<br \/> <\/strong><\/p><p>\u00a0<\/p><p><strong>Angebot:<\/strong><\/p><p><strong>heilp\u00e4dagogisches Reiten<\/strong><\/p><p>in Einzel- oder Gruppenstunden, auch integrativ m\u00f6glich<\/p><p>\u00a0<\/p><p><strong>Reitunterricht<\/strong><\/p><p>als Spielgruppe f\u00fcr 6 Kinder ab ca 5 Jahren bis Grundschulalter<\/p><p>als Gruppenunterricht f\u00fcr 4 Kinder, die noch wenig oder keine Erfahrung mit Pferden haben.<\/p><p>in Zweierstunden f\u00fcr alle, die individuell und intensiv Reiten und den Umgang mit Pferden lernen wollen.<\/p><p>in Einzelstunden f\u00fcr alle, die h\u00f6chstm\u00f6gliche Intensit\u00e4t und Individualit\u00e4t m\u00f6chten<\/p><p>\u00a0<\/p><p><strong>Pferdeausbildung:<\/strong><\/p><p>individuell nach Ihren W\u00fcnschen und Bed\u00fcrfnissen<\/p><p>\u00a0<\/p><p>\u00a0<\/p>","_et_gb_content_width":"","spay_email":""},"jetpack_sharing_enabled":true,"jetpack_shortlink":"https:\/\/wp.me\/PbTHYs-o","jetpack-related-posts":[{"id":61,"url":"https:\/\/www.andersreiten.de\/wordpress\/agb\/","url_meta":{"origin":24,"position":0},"title":"AGB","date":"5. Mai 2016","format":false,"excerpt":"Geleistet wird je nach vertraglicher Vereinbarung heilp\u00e4dagogisches Reiten, Reitunterricht oder Pferdeausbildung. Alle drei Bereiche beziehen sich nicht nur auf die Arbeit auf dem Pferd, dem Reiten, sondern auch den Umgang und verschiedenste Arbeit mit dem Pferd vom Boden aus. Unterschiedliche Aktivit\u00e4ten rund ums Pferd sind weitere Bestandteile vom heilp\u00e4dagogischen Reiten\u2026","rel":"","context":"\u00c4hnlicher Beitrag","img":{"alt_text":"","src":"","width":0,"height":0},"classes":[]},{"id":245,"url":"https:\/\/www.andersreiten.de\/wordpress\/datenschutz\/","url_meta":{"origin":24,"position":1},"title":"Datenschutz","date":"14. Mai 2016","format":false,"excerpt":"Datenschutzerkl\u00e4rung Geltungsbereich Diese Datenschutzerkl\u00e4rung kl\u00e4rt Nutzer \u00fcber die Art, den Umfang und Zwecke der Erhebung und Verwendung personenbezogener Daten durch den verantwortlichen Anbieter Nicole Anders, Schlossstr. 10\/1, nicole.wallutt@web.de, Telefon: 0177-4021624 auf dieser Website (im folgenden \u201cAngebot\u201d) auf. Die rechtlichen Grundlagen des Datenschutzes finden sich im Bundesdatenschutzgesetz (BDSG) und dem Telemediengesetz\u2026","rel":"","context":"\u00c4hnlicher Beitrag","img":{"alt_text":"","src":"","width":0,"height":0},"classes":[]},{"id":12,"url":"https:\/\/www.andersreiten.de\/wordpress\/serviceangebot\/","url_meta":{"origin":24,"position":2},"title":"Nicole Anders","date":"25. April 2016","format":false,"excerpt":" Qualifikation: VFD-\u00dcbungsleiter B (Reiten) VFD-Rittf\u00fchrer G, VFD Wanderfahrabzeichen Reitp\u00e4dagogin SG-TR, Reitwart FN,\u2026","rel":"","context":"\u00c4hnlicher Beitrag","img":{"alt_text":"","src":"","width":0,"height":0},"classes":[]},{"id":348,"url":"https:\/\/www.andersreiten.de\/wordpress\/testseite\/","url_meta":{"origin":24,"position":3},"title":"Testseite","date":"19. Mai 2016","format":false,"excerpt":"","rel":"","context":"\u00c4hnlicher Beitrag","img":{"alt_text":"","src":"","width":0,"height":0},"classes":[]},{"id":367,"url":"https:\/\/www.andersreiten.de\/wordpress\/gallerie\/","url_meta":{"origin":24,"position":4},"title":"Galerie","date":"7. Juni 2016","format":false,"excerpt":"[et_pb_cta title=\"Bildergalerie\" admin_label=\"Call To Action\" _builder_version=\"3.16\" header_font=\"Montserrat|on|||\" header_text_color=\"#ffffff\" header_font_size=\"92\" header_line_height=\"1.2em\" body_font=\"PT\u2026","rel":"","context":"\u00c4hnlicher Beitrag","img":{"alt_text":"","src":"","width":0,"height":0},"classes":[]},{"id":18,"url":"https:\/\/www.andersreiten.de\/wordpress\/kontakt\/","url_meta":{"origin":24,"position":5},"title":"Kontakt","date":"25. April 2016","format":false,"excerpt":"[et_pb_blurb title=\"Anfahrt\" alt=\"Grundhof in 71665 Aurich\" use_border_color=\"off\" background_position=\"top_left\" background_repeat=\"repeat\" background_size=\"initial\" image_max_width=\"none\"\u2026","rel":"","context":"\u00c4hnlicher Beitrag","img":{"alt_text":"","src":"https:\/\/i0.wp.com\/freudemitpferden.de\/wordpress\/wp-content\/uploads\/2016\/04\/4388_558bdc3fc48c0.jpg?resize=350%2C200&ssl=1","width":350,"height":200},"classes":[]}],"_links":{"self":[{"href":"https:\/\/www.andersreiten.de\/wordpress\/wp-json\/wp\/v2\/pages\/24"}],"collection":[{"href":"https:\/\/www.andersreiten.de\/wordpress\/wp-json\/wp\/v2\/pages"}],"about":[{"href":"https:\/\/www.andersreiten.de\/wordpress\/wp-json\/wp\/v2\/types\/page"}],"author":[{"embeddable":true,"href":"https:\/\/www.andersreiten.de\/wordpress\/wp-json\/wp\/v2\/users\/2"}],"replies":[{"embeddable":true,"href":"https:\/\/www.andersreiten.de\/wordpress\/wp-json\/wp\/v2\/comments?post=24"}],"version-history":[{"count":113,"href":"https:\/\/www.andersreiten.de\/wordpress\/wp-json\/wp\/v2\/pages\/24\/revisions"}],"predecessor-version":[{"id":25645,"href":"https:\/\/www.andersreiten.de\/wordpress\/wp-json\/wp\/v2\/pages\/24\/revisions\/25645"}],"wp:attachment":[{"href":"https:\/\/www.andersreiten.de\/wordpress\/wp-json\/wp\/v2\/media?parent=24"}],"curies":[{"name":"wp","href":"https:\/\/api.w.org\/{rel}","templated":true}]}}